{"id":701,"date":"2025-06-17T12:25:23","date_gmt":"2025-06-17T12:25:23","guid":{"rendered":"https:\/\/articles.cdssandbox.xyz\/?page_id=701"},"modified":"2025-06-17T12:25:24","modified_gmt":"2025-06-17T12:25:24","slug":"les-articles-gc","status":"publish","type":"page","link":"https:\/\/articles.cdssandbox.xyz\/fr\/","title":{"rendered":"Les Articles GC"},"content":{"rendered":"\n<p>Articles GC a \u00e9t\u00e9 mis en mode maintenance en octobre 2022 et ferm\u00e9 le <strong>1er ao\u00fbt 2024<\/strong>.<\/p>\n\n\n\n<p>Si vous avez des questions, veuillez nous contacter \u00e0 l&rsquo;adresse&nbsp;<a href=\"mailto:platform-mvp@cds-snc.ca\">platform-mvp@cds-snc.ca<\/a>. Vous pouvez en apprendre plus sur nos autres produits sur le&nbsp;<a href=\"https:\/\/numerique.canada.ca\/\">site web du Service num\u00e9rique canadien<\/a>.<\/p>\n","protected":false},"excerpt":{"rendered":"<p>Articles GC a \u00e9t\u00e9 mis en mode maintenance en octobre 2022 et ferm\u00e9 le 1er ao\u00fbt 2024. Si vous avez des questions, veuillez nous contacter \u00e0 l&rsquo;adresse&nbsp;platform-mvp@cds-snc.ca. Vous pouvez en apprendre plus sur nos autres produits sur le&nbsp;site web du Service num\u00e9rique canadien.<\/p>\n","protected":false},"author":96,"featured_media":0,"parent":0,"menu_order":0,"comment_status":"closed","ping_status":"closed","template":"","meta":{"footnotes":""},"class_list":["post-701","page","type-page","status-publish","hentry"],"slug_en":"gc-articles","slug_fr":"les-articles-gc","id_en":6,"id_fr":701,"lang":"fr","_links":{"self":[{"href":"https:\/\/articles.cdssandbox.xyz\/fr\/wp-json\/wp\/v2\/pages\/701","targetHints":{"allow":["GET"]}}],"collection":[{"href":"https:\/\/articles.cdssandbox.xyz\/fr\/wp-json\/wp\/v2\/pages"}],"about":[{"href":"https:\/\/articles.cdssandbox.xyz\/fr\/wp-json\/wp\/v2\/types\/page"}],"author":[{"embeddable":true,"href":"https:\/\/articles.cdssandbox.xyz\/fr\/wp-json\/wp\/v2\/users\/96"}],"replies":[{"embeddable":true,"href":"https:\/\/articles.cdssandbox.xyz\/fr\/wp-json\/wp\/v2\/comments?post=701"}],"version-history":[{"count":1,"href":"https:\/\/articles.cdssandbox.xyz\/fr\/wp-json\/wp\/v2\/pages\/701\/revisions"}],"predecessor-version":[{"id":702,"href":"https:\/\/articles.cdssandbox.xyz\/fr\/wp-json\/wp\/v2\/pages\/701\/revisions\/702"}],"wp:attachment":[{"href":"https:\/\/articles.cdssandbox.xyz\/fr\/wp-json\/wp\/v2\/media?parent=701"}],"curies":[{"name":"wp","href":"https:\/\/api.w.org\/{rel}","templated":true}]}}